{"id":175,"date":"2014-06-18T15:48:14","date_gmt":"2014-06-18T14:48:14","guid":{"rendered":"http:\/\/www.baburen.nl\/?page_id=175"},"modified":"2020-01-04T23:50:15","modified_gmt":"2020-01-04T22:50:15","slug":"gemeente-sudwest-fryslan","status":"publish","type":"page","link":"https:\/\/www.baburen.nl\/?page_id=175","title":{"rendered":"Gemeente S\u00fadwest-Frysl\u00e2n"},"content":{"rendered":"<p>Gemeente S\u00fadwest-Frysl\u00e2n<br \/>\nPostadres: Postbus 10.000, 8600 HA SNEEK.<br \/>\nCollege van Burgemeester en wethouders (Onderwerp: &#8216;RES, Vereniging Tegenstroom Beabuorren te Tjerkwerd&#8217;; aanhef: &#8216;Geacht College&#8217;):<\/p>\n<p>secr.devries@sudwestfryslan.nl, secr.faber@sudwestfryslan.nl,\u00a0secr.offinga@sudwestfryslan.nl, secr.wielinga@sudwestfryslan.nl,\u00a0secr.deman@sudwestfryslan.nl, gemeentesecretaris@sudwestfryslan.nl<\/p>\n<p>Raadsleden (Onderwerp: &#8216;RES, Vereniging Tegenstroom Beabuorren te Tjerkwerd&#8217;; aanhef: &#8216;Geachte Raadsleden van [CDA]&#8217;):<br \/>\nCDA<\/p>\n<p>d.attema.cda@sudwestfryslan.nl, p.vandenakker.cda@sudwestfryslan.nl, u.attema.cda@sudwestfryslan.nl, b.dam.cda@sudwestfryslan.nl,\u00a0 a.doedel.cda@sudwestfryslan.nl, p.greidanus.cda@sudwestfryslan.nl, s.joustra.cda@sudwestfryslan.nl, a.koster.cda@sudwestfryslan.nl, p.devries.cda@sudwestfryslan.nl, t.devries.cda@sudwestfryslan.nl<\/p>\n<p>PvdA<\/p>\n<p>j.feenstra.pvda@sudwestfryslan.nl, h.dehoop.pvda@sudwestfryslan.nl,\u00a0 d.dejong.pvda@sudwestfryslan.nl, j.langbroek.pvda@sudwestfryslan.nl,\u00a0 m.poelman.pvda@sudwestfryslan.nl, p.vanderveer.pvda@sudwestfryslan.nl, p.scholtanus.pvda@sudwestfryslan.nl<\/p>\n<p>FNP<\/p>\n<p>c.bergstra.fnp@sudwestfryslan.nl,\u00a0 d.blom.fnp@sudwestfryslan.nl,\u00a0 t.bouwhuis.fnp@sudwestfryslan.nl,\u00a0 s.rypma.fnp@sudwestfryslan.nl,\u00a0 j.ruiterpostma.fnp@sudwestfryslan.nl,\u00a0 t.albada.fnp@sudwestfryslan.nl<\/p>\n<p>VVD<br \/>\n<a>d.douwes.vvd@sudwestfryslan.nl<\/a>,\u00a0 <a>h.bandstra.vvd@sudwestfryslan.nl<\/a>, \u00a0<a>l.vanderwal.vvd@sudwestfryslan.nl<\/a>,\u00a0 <a>s.dewitte.vvd@sudwestfryslan.nl<\/a><\/p>\n<p>D66<\/p>\n<p>m.bakker.d66@sudwestfryslan.nl,\u00a0 m.vellinga.d66@sudwestfryslan.nl,\u00a0 b.vandijk.d66@sudwestfryslan.nl<\/p>\n<p>Gemeentebelangen- Totaal Lokaal<\/p>\n<p>b.walsma.gbtl@sudwestfryslan.nl,\u00a0 c.vanderhoek.gbtl@sudwestfryslan.nl, p.walinga.gbtl@sudwestfryslan.nl<\/p>\n<p>Chtistenunie<\/p>\n<p>g.horjusvos.cu@sudwestfryslan.nl,\u00a0 g.schouwstra.cu@sudwestfryslan.nl,\u00a0 d.jonker.cu@sudwestfryslan.nl<\/p>\n<p>GroenLinks<\/p>\n<p>a.kerver.groenlinks@sudwestfryslan.nl,\u00a0 t.vandijk.groenlinks@sudwestfryslan.nl,\u00a0 r.vanderveen.groenlinks@sudwestfryslan.nl<\/p>\n<p>De Wind<\/p>\n<p>h.dewind@sudwestfryslan.nl,\u00a0 f.didden@sudwestfryslan.nl<\/p>\n<p>Semplonius<\/p>\n<p>k.j.semplonius@sudwestfryslan.nl, j.haagsma@sudwestfryslan.nl<\/p>\n<p>Poiesz-Zijlstra<\/p>\n<p>r.poiesz@sudwestfryslan.nl, a.koops.poieszzijlstra@sudwestfryslan.nl<\/p>\n","protected":false},"excerpt":{"rendered":"<p>Gemeente S\u00fadwest-Frysl\u00e2n Postadres: Postbus 10.000, 8600 HA SNEEK. College van Burgemeester en wethouders (Onderwerp: &#8216;RES, Vereniging Tegenstroom Beabuorren te Tjerkwerd&#8217;; aanhef: &#8216;Geacht College&#8217;): secr.devries@sudwestfryslan.nl, secr.faber@sudwestfryslan.nl,\u00a0secr.offinga@sudwestfryslan.nl, secr.wielinga@sudwestfryslan.nl,\u00a0secr.deman@sudwestfryslan.nl, gemeentesecretaris@sudwestfryslan.nl Raadsleden (Onderwerp: &#8216;RES, Vereniging Tegenstroom Beabuorren te Tjerkwerd&#8217;; aanhef: &#8216;Geachte Raadsleden van [CDA]&#8217;): CDA d.attema.cda@sudwestfryslan.nl, p.vandenakker.cda@sudwestfryslan.nl, u.attema.cda@sudwestfryslan.nl, b.dam.cda@sudwestfryslan.nl,\u00a0 a.doedel.cda@sudwestfryslan.nl, p.greidanus.cda@sudwestfryslan.nl, s.joustra.cda@sudwestfryslan.nl, a.koster.cda@sudwestfryslan.nl, p.devries.cda@sudwestfryslan.nl, t.devries.cda@sudwestfryslan.nl PvdA j.feenstra.pvda@sudwestfryslan.nl, h.dehoop.pvda@sudwestfryslan.nl,\u00a0 d.dejong.pvda@sudwestfryslan.nl,&#8230;<\/p>\n","protected":false},"author":1,"featured_media":0,"parent":0,"menu_order":0,"comment_status":"closed","ping_status":"closed","template":"","meta":[],"_links":{"self":[{"href":"https:\/\/www.baburen.nl\/index.php?rest_route=\/wp\/v2\/pages\/175"}],"collection":[{"href":"https:\/\/www.baburen.nl\/index.php?rest_route=\/wp\/v2\/pages"}],"about":[{"href":"https:\/\/www.baburen.nl\/index.php?rest_route=\/wp\/v2\/types\/page"}],"author":[{"embeddable":true,"href":"https:\/\/www.baburen.nl\/index.php?rest_route=\/wp\/v2\/users\/1"}],"replies":[{"embeddable":true,"href":"https:\/\/www.baburen.nl\/index.php?rest_route=%2Fwp%2Fv2%2Fcomments&post=175"}],"version-history":[{"count":18,"href":"https:\/\/www.baburen.nl\/index.php?rest_route=\/wp\/v2\/pages\/175\/revisions"}],"predecessor-version":[{"id":477,"href":"https:\/\/www.baburen.nl\/index.php?rest_route=\/wp\/v2\/pages\/175\/revisions\/477"}],"wp:attachment":[{"href":"https:\/\/www.baburen.nl\/index.php?rest_route=%2Fwp%2Fv2%2Fmedia&parent=175"}],"curies":[{"name":"wp","href":"https:\/\/api.w.org\/{rel}","templated":true}]}}