{"id":206,"date":"2014-06-19T20:35:04","date_gmt":"2014-06-19T19:35:04","guid":{"rendered":"http:\/\/www.baburen.nl\/?page_id=206"},"modified":"2014-06-24T23:54:19","modified_gmt":"2014-06-24T22:54:19","slug":"politiek","status":"publish","type":"page","link":"https:\/\/www.baburen.nl\/?page_id=206","title":{"rendered":"Lokale politiek"},"content":{"rendered":"<p>19-6-14<br \/>\nDe politici van de Provincie Frysl\u00e2n en de Gemeente S\u00fadwest- Frysl\u00e2n zijn nog niet doordrongen van wat er leeft in de gemeenschap. Dit is wel gebleken op \u2018Zwarte Woensdag\u2019 18-6-2014 in het Provinsjeh\u00fbs.<br \/>\n<a href=\"http:\/\/www.baburen.nl\/wp-content\/uploads\/2014\/06\/Meer-windstroom-mag-van-politiek-LC-.pdf\">(zie artikel van de Leeuwarder Courant)<\/a><br \/>\nDe overgrote meerderheid van het volk is er niet meer van overtuigd dat windenergie in deze mate doorgezet moet worden ten koste van de woon- en leefomgeving, de gemeenschap en het landschap. Het Energieakkoord hangt als een molensteen om de nek van de Nederlandse Samenleving. De miljarden van ons belastinggeld die in windenergie ge\u00efnvesteerd worden krijgen we terug als overlast in de leefomgeving. Om uiteindelijk maar met een miniem percentage in onze stroomvraag te voorzien tegen een hogere stroomprijs. Deze subsidiegelden leiden niet tot CO2 reductie (door handel in CO2 emissierechten) en de lasten komen uit op rond de \u20ac1000,- tot \u20ac2000,- per gezin per jaar.<br \/>\nW\u00e9g koopkracht! D\u00e1g economie!<br \/>\nInvesteer deze miljarden in de ontwikkeling van innovatieve technologie die geen overlast geeft. En niet in verouderde technologie zoals windturbines, waarbij de innovatie van de laatste 20 jaar uitsluitend bestaan heeft uit het steeds groter maken van de molens&#8230;&#8230;..<br \/>\nEr is een grens bereikt! <\/p>\n<p>Vorig jaar zijn de Provinciale Statenleden van alle politieke partijen nog bij Lolle en Titia Hylkema op bezoek geweest, zoals blijkt uit een <a href=\"http:\/\/www.baburen.nl\/wp-content\/uploads\/2014\/06\/8-2-2013-Windmolenplannen-alleen-van-\u00fbnderen-op-Bolswards-Nieuwsblad.pdf\">artikel in het Bolswards Nieuwsblad van 8-2-2013<\/a>. Zij hebben daar uiteraard een onjuist beeld voorgespiegeld gekregen over eerlijk delen en draagvlak.<br \/>\nEr \u00eds g\u00e9\u00e9n draagvlak voor verdere opschaling van Wynpark Beabuorren. O\u00f3k niet in Tjerkwerd, het dorp dat meeprofiteert van het huidige windpark. Aan U (de kiezer) de taak om dit rechtstreeks met de politici te communiceren. Zo zijn ze op de hoogte van wat er leeft. Zij zijn onze volksvertegenwoordiging en kunnen dit in hun overwegingen meenemen. Te beginnen bij de Provincie en de Gemeente.<br \/>\nHet is belangrijk, zoals in de vorige vergadering naar voren kwam, dat naast de boodschap van de vereniging, de leden ook individueel protesteren. Dan komt de boodschap n\u00f3g sterker over.<br \/>\nWij hebben een voorbeeldbrief en een adreslijst opgesteld zodat u uw boodschap rechtstreeks met hen kunt communiceren. De voorbeeldbrief kunt u eventueel naar eigen inzicht aanpassen (ook voor Wjukslach).<br \/>\nHandleiding:<br \/>\nOpen de voorbeeldbrief: &#8216;selecteer&#8217; de tekst door met de muis linksboven op de tekst te klikken en vast te houden, en daarmee over de tekst naar rechtsonder te slepen (tekst wordt blauw) ; kopieer de tekst met Ctrl\/C ; Open Email door op de emailadressen in de \u2018Adreslijst\u2019 op deze site te klikken; Plak de tekst in het tekstveld van uw email met Ctrl\/V ; Vul als Onderwerp:\u2019 Wynpark Beabuorren te Tjerkwerd\u2019 in ; zet de juiste Aanhef boven de brief en onderteken de brief met uw eigen naam en adres. Alle politieke partijen van de gemeente  een aparte brief met eigen aanhef.<br \/>\nMaak er werk van. Succes!<br \/>\nGroet, Anneke, Eelke en Marc.<\/p>\n","protected":false},"excerpt":{"rendered":"<p>19-6-14 De politici van de Provincie Frysl\u00e2n en de Gemeente S\u00fadwest- Frysl\u00e2n zijn nog niet doordrongen van wat er leeft in de gemeenschap. Dit is wel gebleken op \u2018Zwarte Woensdag\u2019 18-6-2014 in het Provinsjeh\u00fbs. (zie artikel van de Leeuwarder Courant) De overgrote meerderheid van het volk is er niet meer van overtuigd dat windenergie in&#8230;<\/p>\n","protected":false},"author":1,"featured_media":0,"parent":0,"menu_order":0,"comment_status":"closed","ping_status":"closed","template":"","meta":[],"_links":{"self":[{"href":"https:\/\/www.baburen.nl\/index.php?rest_route=\/wp\/v2\/pages\/206"}],"collection":[{"href":"https:\/\/www.baburen.nl\/index.php?rest_route=\/wp\/v2\/pages"}],"about":[{"href":"https:\/\/www.baburen.nl\/index.php?rest_route=\/wp\/v2\/types\/page"}],"author":[{"embeddable":true,"href":"https:\/\/www.baburen.nl\/index.php?rest_route=\/wp\/v2\/users\/1"}],"replies":[{"embeddable":true,"href":"https:\/\/www.baburen.nl\/index.php?rest_route=%2Fwp%2Fv2%2Fcomments&post=206"}],"version-history":[{"count":31,"href":"https:\/\/www.baburen.nl\/index.php?rest_route=\/wp\/v2\/pages\/206\/revisions"}],"predecessor-version":[{"id":291,"href":"https:\/\/www.baburen.nl\/index.php?rest_route=\/wp\/v2\/pages\/206\/revisions\/291"}],"wp:attachment":[{"href":"https:\/\/www.baburen.nl\/index.php?rest_route=%2Fwp%2Fv2%2Fmedia&parent=206"}],"curies":[{"name":"wp","href":"https:\/\/api.w.org\/{rel}","templated":true}]}}