{"id":210,"date":"2014-06-19T20:37:09","date_gmt":"2014-06-19T19:37:09","guid":{"rendered":"http:\/\/www.baburen.nl\/?page_id=210"},"modified":"2020-01-05T14:50:41","modified_gmt":"2020-01-05T13:50:41","slug":"voorbeeldbrief","status":"publish","type":"page","link":"https:\/\/www.baburen.nl\/?page_id=210","title":{"rendered":"Voorbeeldbrief RES"},"content":{"rendered":"<p>Tjerkwerd, ..\/..\/2020<br \/>\nGeachte&#8230;&#8230;&#8230;&#8230;..,<br \/>\nWij zijn erg geschrokken van de opschalingsplannen van Lolle en Titia Hylkema en overige aandeelhouders van Wynpark Beabuorren B.V. te Tjerkwerd.<br \/>\nWij maken ons grote zorgen over de overlast die ons dit gaat geven. Zowel visueel, voor ons uitzicht en het landschap, als qua geluidsoverlast. En ook wat betreft de waardedaling, zoniet onverkoopbaarheid van onze woningen.<br \/>\nHet zal u niet zijn ontgaan dat de weerstand in de buurt en omgeving steeds grotere vormen aanneemt. O\u00f3k in Tjerkwerd, het dorp dat meeprofiteert van het huidige park. Inmiddels hebben wij ons verenigd in \u2018Tegenstroom Beabuorren\u2019, www.baburen.nl , om een duidelijk signaal af te geven dat we het niet eens zijn met de plannen. We hebben ook zeer veel handtekeningen opgehaald tegen de opschaling. Het kan toch niet de bedoeling zijn dat deze plannen doorgezet worden ten koste van de buurt en omgeving?<\/p>\n<p>Met 10,4 MW en een opbrengst van 30.000.000 kWh per jaar verdienen de huidige 14 aandeelhouders een dikke boterham (vanaf \u20ac 40.000,- per aandeelhouder per jaar). Bij een opschaling gaat dit tenminste verdubbelen. Buiten de personen die dik aan de opschaling gaan verdienen is er geen draagvlak meer in ons relatief dichtbevolkte gebied voor n\u00f3g grotere en\/of meer molens in onze buurt.<br \/>\nWe hebben n\u00fa al genoeg overlast (zonder enige compensatie) en dragen al 10,4 MW (30.000.000 kWh per jaar) bij aan de huidige opgave van Provincie Frys\u00e2n van 530,5 MW.<\/p>\n<p>In de Gemeente S\u00fbdWest Frysl\u00e2n staan al veel grote windturbines zoals in Wynpark Beabuorren. Onze gemeente is al overbelast met windturbines. Opschaling leidt hier niet tot opschoning van het landschap, integendeel!<br \/>\nMolens wennen nooit! Deze Megalomane MegaMolens zijn van een andere orde! Genoeg is genoeg!<\/p>\n<p>Wij doen daarom, namens de Vereniging Tegenstroom Beabuorren ,een dringend beroep op U en de aandeelhouders van het park, om af te zien van verdere opschaling en\/of uitbreiding van Wynpark Beabuorren op deze lokatie. N\u00fa en in de toekomst.<\/p>\n<p>Ons woongenot blijft zo behouden en wij denken dat het de verhoudingen in de buurt ten goede zal komen. Daar plukken we allemaal de vruchten van. Uiteindelijk zijn we toch afhankelijk van elkaar in onze Mienskip. Wij hopen zo te voorkomen dat dit een slepende kwestie gaat worden waar niemand op zit te wachten. Dan komt er weer rust in de buurt.<\/p>\n<p>De overgrote meerderheid van het volk is er niet meer van overtuigd dat windenergie in deze mate doorgezet moet worden ten koste van de woon- en leefomgeving, de gemeenschap en het landschap. De Regionale Energie Strategie (RES) hangt als een Molensteen om de nek van de Nederlandse Samenleving. De miljarden van ons belastinggeld die in windenergie ge\u00efnvesteerd worden krijgen we terug als overlast in de leefomgeving. Om uiteindelijk maar met een miniem percentage in onze stroomvraag te voorzien tegen een hogere stroomprijs. De lasten komen uit op rond de \u20ac1000,- tot \u20ac2000,- per gezin per jaar.<br \/>\nW\u00e9g koopkracht! D\u00e1g economie!<br \/>\nInvesteer deze miljarden in de ontwikkeling van innovatieve technologie die geen overlast geeft. En niet in verouderde technologie zoals windturbines, waarbij de innovatie van de laatste 20 jaar uitsluitend bestaan heeft uit het steeds groter maken van de molens&#8230;&#8230;..<br \/>\nEr is een grens bereikt!<\/p>\n<p>Wij zijn tegen MegaMolens in Friesland en zullen ons hier voor blijven inzetten.<br \/>\nAls MegaMolens \u00e9cht niet tegen te houden zijn, zet ze dan v\u00e9r in het IJsselmeer of verdeel ze eerlijk over heel Friesland.<br \/>\nSaneer op land en schaal \u00f3p, daar waar alleen de wind woont: op het IJssselmeer en op Zee.<br \/>\nHoewel een Windustriepark in het IJsselmeer landschappelijk ook niet fraai is, is hiermee in \u00e9\u00e9n keer het hele omwonenden probleem van de Provincie Frysl\u00e2n en de Gemeente S\u00fadwest-Frysl\u00e2n opgelost !<\/p>\n<p>In afwachting van uw antwoord, teken ik,<br \/>\nmet vriendelijke groet,<\/p>\n<p>Naam\/ adres\/ woonplaats.<\/p>\n","protected":false},"excerpt":{"rendered":"<p>Tjerkwerd, ..\/..\/2020 Geachte&#8230;&#8230;&#8230;&#8230;.., Wij zijn erg geschrokken van de opschalingsplannen van Lolle en Titia Hylkema en overige aandeelhouders van Wynpark Beabuorren B.V. te Tjerkwerd. Wij maken ons grote zorgen over de overlast die ons dit gaat geven. Zowel visueel, voor ons uitzicht en het landschap, als qua geluidsoverlast. En ook wat betreft de waardedaling, zoniet&#8230;<\/p>\n","protected":false},"author":1,"featured_media":0,"parent":0,"menu_order":0,"comment_status":"closed","ping_status":"closed","template":"","meta":[],"_links":{"self":[{"href":"https:\/\/www.baburen.nl\/index.php?rest_route=\/wp\/v2\/pages\/210"}],"collection":[{"href":"https:\/\/www.baburen.nl\/index.php?rest_route=\/wp\/v2\/pages"}],"about":[{"href":"https:\/\/www.baburen.nl\/index.php?rest_route=\/wp\/v2\/types\/page"}],"author":[{"embeddable":true,"href":"https:\/\/www.baburen.nl\/index.php?rest_route=\/wp\/v2\/users\/1"}],"replies":[{"embeddable":true,"href":"https:\/\/www.baburen.nl\/index.php?rest_route=%2Fwp%2Fv2%2Fcomments&post=210"}],"version-history":[{"count":18,"href":"https:\/\/www.baburen.nl\/index.php?rest_route=\/wp\/v2\/pages\/210\/revisions"}],"predecessor-version":[{"id":483,"href":"https:\/\/www.baburen.nl\/index.php?rest_route=\/wp\/v2\/pages\/210\/revisions\/483"}],"wp:attachment":[{"href":"https:\/\/www.baburen.nl\/index.php?rest_route=%2Fwp%2Fv2%2Fmedia&parent=210"}],"curies":[{"name":"wp","href":"https:\/\/api.w.org\/{rel}","templated":true}]}}